{"id":198,"date":"2020-11-06T21:47:23","date_gmt":"2020-11-06T21:47:23","guid":{"rendered":"http:\/\/b2gov.websolutions.com.ar\/?page_id=198"},"modified":"2021-02-08T22:53:14","modified_gmt":"2021-02-08T22:53:14","slug":"terms","status":"publish","type":"page","link":"https:\/\/b2gov.com\/en\/terms\/","title":{"rendered":"Terms &#038; Conditions"},"content":{"rendered":"\t\t<div data-elementor-type=\"wp-page\" data-elementor-id=\"198\" class=\"elementor elementor-198\" data-elementor-settings=\"{&quot;ha_cmc_init_switcher&quot;:&quot;no&quot;}\">\n\t\t\t\t\t\t<section class=\"elementor-section elementor-top-section elementor-element elementor-element-1ef9a565 elementor-hidden-tablet elementor-hidden-phone elementor-section-boxed elementor-section-height-default elementor-section-height-default\" data-id=\"1ef9a565\" data-element_type=\"section\" data-e-type=\"section\" data-settings=\"{&quot;_ha_eqh_enable&quot;:false}\">\n\t\t\t\t\t\t<div class=\"elementor-container elementor-column-gap-default\">\n\t\t\t\t\t<div class=\"elementor-column elementor-col-100 elementor-top-column elementor-element elementor-element-5f914b74\" data-id=\"5f914b74\" data-element_type=\"column\" data-e-type=\"column\">\n\t\t\t<div class=\"elementor-widget-wrap elementor-element-populated\">\n\t\t\t\t\t\t<div class=\"elementor-element elementor-element-61dafe1f elementor-widget elementor-widget-spacer\" data-id=\"61dafe1f\" data-element_type=\"widget\" data-e-type=\"widget\" data-widget_type=\"spacer.default\">\n\t\t\t\t<div class=\"elementor-widget-container\">\n\t\t\t\t\t\t\t<div class=\"elementor-spacer\">\n\t\t\t<div class=\"elementor-spacer-inner\"><\/div>\n\t\t<\/div>\n\t\t\t\t\t\t<\/div>\n\t\t\t\t<\/div>\n\t\t\t\t\t<\/div>\n\t\t<\/div>\n\t\t\t\t\t<\/div>\n\t\t<\/section>\n\t\t\t\t<section class=\"elementor-section elementor-top-section elementor-element elementor-element-37f6484d elementor-section-boxed elementor-section-height-default elementor-section-height-default\" data-id=\"37f6484d\" data-element_type=\"section\" data-e-type=\"section\" data-settings=\"{&quot;_ha_eqh_enable&quot;:false}\">\n\t\t\t\t\t\t<div class=\"elementor-container elementor-column-gap-default\">\n\t\t\t\t\t<div class=\"elementor-column elementor-col-100 elementor-top-column elementor-element elementor-element-7c735ef4\" data-id=\"7c735ef4\" data-element_type=\"column\" data-e-type=\"column\">\n\t\t\t<div class=\"elementor-widget-wrap elementor-element-populated\">\n\t\t\t\t\t\t<div class=\"elementor-element elementor-element-2681b45a elementor-widget elementor-widget-heading\" data-id=\"2681b45a\" data-element_type=\"widget\" data-e-type=\"widget\" data-widget_type=\"heading.default\">\n\t\t\t\t<div class=\"elementor-widget-container\">\n\t\t\t\t\t<h2 class=\"elementor-heading-title elementor-size-default\">T\u00e9rminos y condiciones<\/h2>\t\t\t\t<\/div>\n\t\t\t\t<\/div>\n\t\t\t\t\t<\/div>\n\t\t<\/div>\n\t\t\t\t\t<\/div>\n\t\t<\/section>\n\t\t\t\t<section class=\"elementor-section elementor-top-section elementor-element elementor-element-483fca15 elementor-section-boxed elementor-section-height-default elementor-section-height-default\" data-id=\"483fca15\" data-element_type=\"section\" data-e-type=\"section\" data-settings=\"{&quot;_ha_eqh_enable&quot;:false}\">\n\t\t\t\t\t\t<div class=\"elementor-container elementor-column-gap-wider\">\n\t\t\t\t\t<div class=\"elementor-column elementor-col-100 elementor-top-column elementor-element elementor-element-531f64ab\" data-id=\"531f64ab\" data-element_type=\"column\" data-e-type=\"column\">\n\t\t\t<div class=\"elementor-widget-wrap elementor-element-populated\">\n\t\t\t\t\t\t<div class=\"elementor-element elementor-element-1adc3eb1 elementor-widget elementor-widget-heading\" data-id=\"1adc3eb1\" data-element_type=\"widget\" data-e-type=\"widget\" data-widget_type=\"heading.default\">\n\t\t\t\t<div class=\"elementor-widget-container\">\n\t\t\t\t\t<h2 class=\"elementor-heading-title elementor-size-default\">Bienvenidas\/os a B2Gov.com<\/h2>\t\t\t\t<\/div>\n\t\t\t\t<\/div>\n\t\t\t\t<div class=\"elementor-element elementor-element-49bc427 elementor-widget elementor-widget-text-editor\" data-id=\"49bc427\" data-element_type=\"widget\" data-e-type=\"widget\" data-widget_type=\"text-editor.default\">\n\t\t\t\t<div class=\"elementor-widget-container\">\n\t\t\t\t\t\t\t\t\t<p>T\u00c9RMINOS Y CONDICIONES DE USO DE LA P\u00c1GINA WWW.B2Gov.COM<\/p><p>Esta Web pertenece a la Empresa B2GOV (en adelante LA EMPRESA) y su acceso y utilizaci\u00f3n est\u00e1 sujeta a la aceptaci\u00f3n y cumplimiento de los t\u00e9rminos y condiciones que se exponen a continuaci\u00f3n:<\/p><p><strong>1.\u00a0 RESPONSABILIDAD<\/strong><\/p><p>LA EMPRESA se reserva el derecho de modificar en forma unilateral, sin mediar previo aviso, ni comunicaci\u00f3n al USUARIO y\/o VISITANTE, estos T\u00e9rminos y Condiciones, el dise\u00f1o, la presentaci\u00f3n o su configuraci\u00f3n, los servicios ofrecidos, los requisitos de registro o de utilizaci\u00f3n de la p\u00e1gina, sin que ello genere derecho a reclamo o indemnizaci\u00f3n alguna en favor del USUARIO y\/o VISITANTE.<\/p><p>La utilizaci\u00f3n de los servicios y\/o herramientas digitales, existentes en la p\u00e1gina, requerir\u00e1n del USUARIO y\/o VISITANTE la aceptaci\u00f3n de t\u00e9rminos y condiciones que completan las previsiones contenidas en la presente en cuanto no se opongan a ellas.<\/p><p>LA EMPRESA no se responsabilizar\u00e1 por la existencia, actualizaci\u00f3n, veracidad, privacidad, funcionamiento, modificaciones, contenidos, ofertas y legalidad de los sitios de terceros vinculados a trav\u00e9s del presente sitio web. LA EMPRESA no ser\u00e1 responsable por las transacciones efectuadas entre el USUARIO y\/o VISITANTE y los sitios con v\u00ednculos de la p\u00e1gina.<\/p><p>El USUARIO y\/o VISITANTE no podr\u00e1, remover, eliminar, aumentar, a\u00f1adir, ni de cualquier otra forma modificar total o parcialmente el Contenido. Tampoco podr\u00e1 volcar t\u00e9rminos o utilizar expresiones injuriosas, intimidatorias, calumniantes o contrarias a las buenas costumbres. No podr\u00e1 transmitir informaci\u00f3n o material que pueda, concreta o eventualmente, violar derechos de un tercero o que contenga virus o cualquier otro componente da\u00f1ino.<\/p><p>LA EMPRESA se reserva el derecho de extraer y editar en su totalidad o de manera fraccionada, cualquier mensaje o material suscripto o remitido por el USUARIO y\/o VISITANTE. As\u00ed mismo, el USUARIO y\/o VISITANTE garantiza a LA EMPRESA el permiso para la utilizaci\u00f3n de cualquier informaci\u00f3n, sugerencia, idea, dibujo o concepto vertido, con el prop\u00f3sito que LA EMPRESA la utilice para la obtenci\u00f3n de informaci\u00f3n estad\u00edstica que permita mejorar el servicio, sin ning\u00fan derecho de compensaci\u00f3n en favor del USUARIO y\/o VISITANTE.<\/p><p>El USUARIO y\/o VISITANTE se obliga a usar el Sitio de conformidad con estos T\u00e9rminos y Condiciones, en forma diligente, correcta y l\u00edcita, y conforme con la moral y las buenas costumbres. El USUARIO y\/o VISITANTE responder\u00e1 por los da\u00f1os y perjuicios de toda naturaleza que LA EMPRESA pueda sufrir, directa o indirectamente, como consecuencia del incumplimiento de cualquiera de las obligaciones derivadas de estos T\u00e9rminos y Condiciones.<\/p><p>LA EMPRESA podr\u00e1 suspender transitoriamente o finalizar la publicaci\u00f3n de la p\u00e1gina sin aviso previo y en cualquier momento, sin que ello genere derecho a indemnizaci\u00f3n alguna en favor del USUARIO y\/o VISITANTE.<\/p><p>El USUARIO y\/o VISITANTE reconoce y acepta que el uso de esta p\u00e1gina es bajo su propio y exclusivo riesgo.<\/p><p>El USUARIO y\/o VISITANTE reconoce y acepta que ni LA EMPRESA, ni los directores, empleados o representantes de cualquiera de ellos, es responsable por da\u00f1os que surjan de o resulten del uso de esta p\u00e1gina, incluyendo cualquier error, omisi\u00f3n, interrupci\u00f3n, falla, eliminaci\u00f3n de archivos o correos electr\u00f3nicos (e-mails), defectos, virus, y\/o demoras en la operaci\u00f3n o transmisi\u00f3n y\/o de cualquier otro tipo.<\/p><p>La p\u00e1gina puede ser utilizada por el USUARIO y\/o VISITANTE en forma totalmente libre y gratuita.<\/p><p><strong>2.\u00a0 SITIOS ENLAZADOS<\/strong><\/p><p>A trav\u00e9s de la presente p\u00e1gina se pone a su disposici\u00f3n dispositivos t\u00e9cnicos de enlace (tales como, entre otros, links, banners, botones), directorios y herramientas de b\u00fasqueda que les permiten acceder a p\u00e1ginas web pertenecientes a terceros (en adelante los \u201cSITIOS ENLAZADOS\u201d). La instalaci\u00f3n de estos enlaces en las p\u00e1ginas de LA EMPRESA se limita a facilitar a los USUARIO y\/o VISITANTE, la b\u00fasqueda y acceso, a la informaci\u00f3n disponible de los sitios enlazados en Internet, y no presupone que existe ninguna clase de v\u00ednculo o asociaci\u00f3n entre LA EMPRESA, sus subsidiarias o afiliadas y los operadores de los sitios enlazados. LA EMPRESA no controla, ni hacen propios los servicios, informaci\u00f3n, datos, archivos, productos y cualquier clase de material existente en los sitios enlazados. Por lo tanto, el USUARIO y\/o VISITANTE, debe extremar la prudencia en la valoraci\u00f3n y utilizaci\u00f3n de los servicios, informaci\u00f3n, datos, archivos, productos y cualquier clase de material existente en los sitios enlazados.<\/p><p>LA EMPRESA no garantiza ni asume responsabilidad alguna por los da\u00f1os y perjuicios que de cualquier naturaleza pueda causarse por:<\/p><ol><li>El funcionamiento, disponibilidad, accesibilidad o continuidad de sitios<\/li><li>El mantenimiento de los servicios, informaci\u00f3n, datos, archivos, productos y cualquier clase de material existente en los sitios enlazados.<\/li><li>Las obligaciones y ofertas existentes en los sitios<\/li><\/ol><p><strong>2.1.\u00a0 CALIDAD<\/strong><\/p><p>Mediante el uso de esta p\u00e1gina, el USUARIO y\/o VISITANTE reconoce y acepta que LA EMPRESA no controla ni garantiza la ausencia de virus en el contenido de los sitios enlazados, ni la ausencia de otros elementos que pudieran producir alteraciones en sus sistemas inform\u00e1ticos o en los documentos electr\u00f3nicos y archivos almacenados en los archivos inform\u00e1ticos del USUARIO.<\/p><p><strong>2.2.\u00a0 PROPIEDAD INTELECTUAL<\/strong><\/p><p>Mediante el uso de esta p\u00e1gina, el USUARIO y\/o VISITANTE reconoce y acepta que LA EMPRESA queda excluida de cualquier responsabilidad que pudiera ser causada por el uso no autorizado de las marcas u otros derechos de propiedad intelectual de terceros o contenidos en los sitios enlazados.<\/p><p>De igual manera, las eventuales referencias que se hagan en esta p\u00e1gina a cualquier producto, servicio, proceso, sitio enlazado, hipertexto o cualquier otra informaci\u00f3n en la que se utilicen marcas, signos distintivos o dominios, el nombre comercial o el nombre del fabricante, suministrador, etc., que sean titularidad de terceros, en ning\u00fan momento constituir\u00e1n, ni implicar\u00e1n respaldo o recomendaci\u00f3n alguna por parte de LA EMPRESA. Y en ning\u00fan caso, LA EMPRESA se asignar\u00e1 propiedad ni responsabilidad sobre los mismos.<\/p><p><strong>3.\u00a0 POL\u00cdTICA DE PRIVACIDAD<\/strong><\/p><p>La utilizaci\u00f3n e ingreso a la presente p\u00e1gina web de LA EMPRESA, ser\u00e1 considerado como aceptaci\u00f3n de los t\u00e9rminos de esta Pol\u00edtica de Privacidad por parte del USUARIO y\/o VISITANTE.<\/p><p>Los datos personales que el USUARIO y\/o VISITANTE brinde libre y voluntariamente a LA EMPRESA, tales como nombres, correo electr\u00f3nico, DNI, tel\u00e9fono y\/o n\u00famero de legajo, y\/o cualquier otro que voluntariamente suministre a LA EMPRESA cuando ello sea necesario para brindarle un servicio espec\u00edfico, son incluidos en archivos automatizados, procesados bajo normas de estricta confidencialidad y protecci\u00f3n de datos.<\/p><p>El USUARIO y\/o VISITANTE podr\u00e1 brindar informaci\u00f3n con respecto a sus gustos, evaluaciones y preferencias. LA EMPRESA utilizar\u00e1 dicha informaci\u00f3n para elaborar publicidad y\/o perfeccionar el servicio brindado.<\/p><p>No obstante lo anterior y en cumplimiento con las leyes aplicables, LA EMPRESA coopera con las autoridades gubernamentales nacionales, provinciales y municipales, e internacionales en cualquier investigaci\u00f3n en relaci\u00f3n con el contenido, ya sean personales o privadas, transmitidas a LA EMPRESA a trav\u00e9s de este Sitio.<\/p><p><strong>4.\u00a0 TERMINACI\u00d3N DEL ACCESO<\/strong><\/p><p>LA EMPRESA podr\u00e1, en cualquier momento, terminar o suspender el acceso que el USUARIO y\/o VISITANTE tenga a todo o parte de este sitio, sin aviso previo, y sin que ello genere derecho a reclamo o indemnizaci\u00f3n alguna. Ni la terminaci\u00f3n o suspensi\u00f3n del acceso, ni cualquier acci\u00f3n o inacci\u00f3n del USUARIO y\/o VISITANTE, terminar\u00e1 las disposiciones de estos T\u00e9rminos y Condiciones, los que permanecer\u00e1n en plena fuerza y vigor de forma indefinida, sujetas s\u00f3lo a cualquier cambio que LA EMPRESA efect\u00fae.<\/p><p><strong>5.\u00a0 VIOLACIONES DEL SISTEMA O BASES DE DATOS<\/strong><\/p><p>Es il\u00edcita cualquier acci\u00f3n o uso de dispositivos, software, u otros instrumentos tendientes a interferir tanto en las actividades y operatoria de LA EMPRESA, as\u00ed como en las ofertas, descripciones, cuentas o bases de datos de LA EMPRESA. Cualquier intromisi\u00f3n, tentativa o actividad violatoria o contraria a las leyes sobre derechos de propiedad intelectual, seguridad de los sistemas, y\/o a las prohibiciones estipuladas en este documento har\u00e1n pasible a su responsable de las acciones legales pertinentes, y a las sanciones previstas por este acuerdo.<\/p><p><strong>6.\u00a0 JURISDICCI\u00d3N<\/strong><\/p><p>Estos T\u00e9rminos y Condiciones se regir\u00e1n e interpretar\u00e1n de acuerdo con las leyes de la Rep\u00fablica Argentina. EL USUARIO y\/o VISITANTE conviene en que cualquier acci\u00f3n o procedimiento legal entre LA EMPRESA y ellos, por cualquier prop\u00f3sito respecto a estos T\u00e9rminos y Condiciones, se entablar\u00e1n exclusivamente en los Tribunales Ordinarios y Civiles de la Ciudad de Buenos Aires.<\/p><p><strong>Mediante el presente Ud. deja constancia que ha sido debidamente informado respecto de la finalidad para la cual han sido recabados sus datos personales y qui\u00e9nes pueden ser sus destinatarios, como as\u00ed tambi\u00e9n el derecho que le asiste a tener acceso a los mismos, como as\u00ed a peticionar su rectificaci\u00f3n y\/o supresi\u00f3n, todo ello conforme a lo normado en la Ley Nacional de la Rep\u00fablica Argentina N\u00b0 25326 (Protecci\u00f3n de Datos Personales) y su Decreto Reglamentario N\u00b0 1558\/01.<\/strong><\/p>\t\t\t\t\t\t\t\t<\/div>\n\t\t\t\t<\/div>\n\t\t\t\t\t<\/div>\n\t\t<\/div>\n\t\t\t\t\t<\/div>\n\t\t<\/section>\n\t\t\t\t<\/div>\n\t\t","protected":false},"excerpt":{"rendered":"<p>T\u00e9rminos y condiciones Bienvenidas\/os a B2Gov.com T\u00c9RMINOS Y CONDICIONES DE USO DE LA P\u00c1GINA WWW.B2Gov.COM Esta Web pertenece a la Empresa B2GOV (en adelante LA EMPRESA) y su acceso y utilizaci\u00f3n est\u00e1 sujeta a la aceptaci\u00f3n y cumplimiento de los t\u00e9rminos y condiciones que se exponen a continuaci\u00f3n: 1.\u00a0 RESPONSABILIDAD LA EMPRESA se reserva el [&hellip;]<\/p>\n","protected":false},"author":1,"featured_media":0,"parent":0,"menu_order":0,"comment_status":"closed","ping_status":"closed","template":"elementor_header_footer","meta":{"ocean_post_layout":"","ocean_both_sidebars_style":"","ocean_both_sidebars_content_width":0,"ocean_both_sidebars_sidebars_width":0,"ocean_sidebar":"0","ocean_second_sidebar":"0","ocean_disable_margins":"enable","ocean_add_body_class":"","ocean_shortcode_before_top_bar":"","ocean_shortcode_after_top_bar":"","ocean_shortcode_before_header":"","ocean_shortcode_after_header":"","ocean_has_shortcode":"","ocean_shortcode_after_title":"","ocean_shortcode_before_footer_widgets":"","ocean_shortcode_after_footer_widgets":"","ocean_shortcode_before_footer_bottom":"","ocean_shortcode_after_footer_bottom":"","ocean_display_top_bar":"default","ocean_display_header":"default","ocean_header_style":"","ocean_center_header_left_menu":"0","ocean_custom_header_template":"0","ocean_custom_logo":0,"ocean_custom_retina_logo":0,"ocean_custom_logo_max_width":0,"ocean_custom_logo_tablet_max_width":0,"ocean_custom_logo_mobile_max_width":0,"ocean_custom_logo_max_height":0,"ocean_custom_logo_tablet_max_height":0,"ocean_custom_logo_mobile_max_height":0,"ocean_header_custom_menu":"0","ocean_menu_typo_font_family":"0","ocean_menu_typo_font_subset":"","ocean_menu_typo_font_size":0,"ocean_menu_typo_font_size_tablet":0,"ocean_menu_typo_font_size_mobile":0,"ocean_menu_typo_font_size_unit":"px","ocean_menu_typo_font_weight":"","ocean_menu_typo_font_weight_tablet":"","ocean_menu_typo_font_weight_mobile":"","ocean_menu_typo_transform":"","ocean_menu_typo_transform_tablet":"","ocean_menu_typo_transform_mobile":"","ocean_menu_typo_line_height":0,"ocean_menu_typo_line_height_tablet":0,"ocean_menu_typo_line_height_mobile":0,"ocean_menu_typo_line_height_unit":"","ocean_menu_typo_spacing":0,"ocean_menu_typo_spacing_tablet":0,"ocean_menu_typo_spacing_mobile":0,"ocean_menu_typo_spacing_unit":"","ocean_menu_link_color":"","ocean_menu_link_color_hover":"","ocean_menu_link_color_active":"","ocean_menu_link_background":"","ocean_menu_link_hover_background":"","ocean_menu_link_active_background":"","ocean_menu_social_links_bg":"","ocean_menu_social_hover_links_bg":"","ocean_menu_social_links_color":"","ocean_menu_social_hover_links_color":"","ocean_disable_title":"default","ocean_disable_heading":"default","ocean_post_title":"","ocean_post_subheading":"","ocean_post_title_style":"","ocean_post_title_background_color":"","ocean_post_title_background":0,"ocean_post_title_bg_image_position":"","ocean_post_title_bg_image_attachment":"","ocean_post_title_bg_image_repeat":"","ocean_post_title_bg_image_size":"","ocean_post_title_height":0,"ocean_post_title_bg_overlay":0.5,"ocean_post_title_bg_overlay_color":"","ocean_disable_breadcrumbs":"default","ocean_breadcrumbs_color":"","ocean_breadcrumbs_separator_color":"","ocean_breadcrumbs_links_color":"","ocean_breadcrumbs_links_hover_color":"","ocean_display_footer_widgets":"default","ocean_display_footer_bottom":"default","ocean_custom_footer_template":"0","footnotes":""},"class_list":["post-198","page","type-page","status-publish","hentry","entry"],"_links":{"self":[{"href":"https:\/\/b2gov.com\/en\/wp-json\/wp\/v2\/pages\/198","targetHints":{"allow":["GET"]}}],"collection":[{"href":"https:\/\/b2gov.com\/en\/wp-json\/wp\/v2\/pages"}],"about":[{"href":"https:\/\/b2gov.com\/en\/wp-json\/wp\/v2\/types\/page"}],"author":[{"embeddable":true,"href":"https:\/\/b2gov.com\/en\/wp-json\/wp\/v2\/users\/1"}],"replies":[{"embeddable":true,"href":"https:\/\/b2gov.com\/en\/wp-json\/wp\/v2\/comments?post=198"}],"version-history":[{"count":17,"href":"https:\/\/b2gov.com\/en\/wp-json\/wp\/v2\/pages\/198\/revisions"}],"predecessor-version":[{"id":724,"href":"https:\/\/b2gov.com\/en\/wp-json\/wp\/v2\/pages\/198\/revisions\/724"}],"wp:attachment":[{"href":"https:\/\/b2gov.com\/en\/wp-json\/wp\/v2\/media?parent=198"}],"curies":[{"name":"wp","href":"https:\/\/api.w.org\/{rel}","templated":true}]}}